{"id":4,"date":"2014-12-10T15:55:00","date_gmt":"2014-12-10T15:55:00","guid":{"rendered":"http:\/\/theme-fusion.com\/avada_demos_xml\/fashion\/?page_id=4"},"modified":"2025-02-27T11:10:42","modified_gmt":"2025-02-27T11:10:42","slug":"home","status":"publish","type":"page","link":"https:\/\/sambozuk.pl\/","title":{"rendered":"HOME"},"content":{"rendered":"<div id=\"kancelaria\"><div class=\"fusion-fullwidth fullwidth-box fusion-fullwidth-1  fusion-parallax-none nonhundred-percent-fullwidth\" style=\"border-color:#eae9e9;border-bottom-width: 0px;border-top-width: 0px;border-bottom-style: solid;border-top-style: solid;padding-bottom:90px;padding-top:90px;padding-left:0px;padding-right:0px;background-color:#ffffff;\"><style type=\"text\/css\" scoped=\"scoped\">.fusion-fullwidth-1 {\n                            padding-left: 0px !important;\n                            padding-right: 0px !important;\n                        }<\/style><div class=\"fusion-row\"><h2 style=\"text-align: center; color: #43633b;\">KANCELARIA<\/h2>\n<p style=\"text-align: center; color: #43633b;\">&#8211;<\/p>\n<p style=\"text-align: center; color: #43633b;\">W swojej pracy kierujemy si\u0119 zasad\u0105, \u017ce miernikiem pracy adwokata jest jego skuteczno\u015b\u0107.<\/p>\n<p style=\"text-align: center; color: #43633b;\">Kancelaria oferuje nowoczesne i skuteczne rozwi\u0105zania ka\u017cdorazowo specjalnie dobrane do sprawy, maj\u0105c na wzgl\u0119dzie oszcz\u0119dno\u015b\u0107 czasu i pieni\u0119dzy Klienta.<\/p>\n<p style=\"text-align: center; color: #43633b;\">Zapraszamy do wsp\u00f3\u0142pracy osoby fizyczne, przedsi\u0119biorc\u00f3w oraz sp\u00f3\u0142ki prawa handlowego.<\/p>\n<div class=\"fusion-sep-clear\"><\/div><div class=\"fusion-separator fusion-full-width-sep sep-none\" style=\"border-color:rgba(255,255,255,.2);margin-left: auto;margin-right: auto;margin-top:40px;margin-bottom:40px;\"><\/div><div class=\"fusion-menu-anchor\" id=\"obszary\"><\/div><p style=\"color: #43633b; text-align: center; letter-spacing: 4px;\">OBSZARY DZIA\u0141ALNO\u015aCI<\/p>\n<p style=\"text-align: center; color: #43633b;\">&#8211;<\/p>\n<p style=\"color: #43633b; text-align: center;\">Adwokat Micha\u0142 Sambo\u017cuk specjalizuje si\u0119 w prawie karnym (w tym karnym skarbowym), prawie cywilnym (w tym w prawie spadkowym, rodzinnym oraz odszkodowaniach) oraz w prawie sportowym, jak r\u00f3wnie\u017c w prawie korporacyjnym i w bie\u017c\u0105cej obs\u0142udze sp\u00f3\u0142ek. Kancelaria zajmuje si\u0119 r\u00f3wnie\u017c sprawami administracyjnymi i s\u0105dowo-administracyjnymi.<\/p>\n<div class=\"fusion-sep-clear\"><\/div><div class=\"fusion-separator fusion-full-width-sep sep-none\" style=\"border-color:rgba(255,255,255,.2);margin-left: auto;margin-right: auto;margin-top:40px;margin-bottom:40px;\"><\/div><p style=\"color: #43633b; text-align: center; letter-spacing: 4px;\">POUFNO\u015a\u0106<\/p>\n<p style=\"text-align: center; color: #43633b;\">&#8211;<\/p>\n<p style=\"color: #43633b; text-align: center;\">Informacje powierzone Kancelarii przez Klient\u00f3w obj\u0119te s\u0105 tajemnic\u0105 adwokack\u0105, co zapewnia ich poufno\u015b\u0107 i gwarantuje ich bezpiecze\u0144stwo.<\/p>\n<p style=\"color: #43633b; text-align: center;\"><a href=\"https:\/\/sambozuk.pl\/wp-content\/uploads\/2014\/12\/listek1.png\"><img loading=\"lazy\" decoding=\"async\" class=\"aligncenter wp-image-1314 size-full\" src=\"https:\/\/sambozuk.pl\/wp-content\/uploads\/2014\/12\/listek1.png\" alt=\"\" width=\"160\" height=\"78\" \/><\/a><\/p>\n<\/div><\/div><\/div><div id=\"adwokat\"><div class=\"fusion-fullwidth fullwidth-box fusion-fullwidth-2  fusion-parallax-none hundred-percent-fullwidth fusion-equal-height-columns\" style=\"border-color:#eae9e9;border-bottom-width: 0px;border-top-width: 0px;border-bottom-style: solid;border-top-style: solid;padding-bottom:0px;padding-top:0px;padding-left:0px;padding-right:0px;background-color:#43633b;\"><style type=\"text\/css\" scoped=\"scoped\">.fusion-fullwidth-2 {\n                            padding-left: 0px !important;\n                            padding-right: 0px !important;\n                        }<\/style><div class=\"fusion-row\"><div class=\"fusion-one-half fusion-layout-column fusion-spacing-no\" style=\"margin-top:0px;margin-bottom:0px;\"><div class=\"fusion-column-wrapper\" style=\"background-color:#43633b;padding:9%;\"><div class=\"fusion-column-table\"><div class=\"fusion-column-tablecell\"><h2 style=\"text-align: center; margin-bottom: 10px;\">ADWOKAT<\/h2>\n<p style=\"text-align: center; letter-spacing: 4px;\">&#8211;<\/p>\n<p>Adwokat Micha\u0142 Sambo\u017cuk jest cz\u0142onkiem Pomorskiej Izby Adwokackiej od 2012 roku. W 2010 roku uko\u0144czy\u0142 Wydzia\u0142 Prawa i Administracji Uniwersytetu Gda\u0144skiego. W tym czasie zdobywa\u0142 do\u015bwiadczenie pracuj\u0105c w mi\u0119dzynarodowej gda\u0144sko-warszawskiej kancelarii oraz w renomowanych tr\u00f3jmiejskich kancelariach adwokackich. Prowadzi\u0142 wiele spraw z zakresu prawa karnego, cywilnego i administracyjnego oraz zajmowa\u0142 si\u0119 bie\u017c\u0105c\u0105 obs\u0142ug\u0105 przedsi\u0119biorc\u00f3w i sp\u00f3\u0142ek prawa handlowego.<\/p>\n<p>Adwokat Micha\u0142 Sambo\u017cuk specjalizuje si\u0119 w prawie sportowym, m.in. reprezentuj\u0105c klient\u00f3w\u00a0przed Pi\u0142karskim S\u0105dem Polubownym przy Polskim Zwi\u0105zku Pi\u0142ki No\u017cnej oraz przed Trybuna\u0142em Arbitra\u017cowym przy Polskim Komitecie Olimpijskim.<\/p>\n<p>Micha\u0142 Sambo\u017cuk jest Przewodnicz\u0105cym Komisji Dyscyplinarnej Pomorskiego Zwi\u0105zku Pi\u0142ki No\u017cnej z siedzib\u0105 w Gda\u0144sku oraz by\u0142 arbitrem\u00a0Pi\u0142karskiego S\u0105du Polubownego przy Pomorskim Zwi\u0105zku Pi\u0142ki No\u017cnej.<\/p>\n<p style=\"text-align: center;\"><a href=\"https:\/\/sambozuk.pl\/wp-content\/uploads\/2014\/12\/listek_kontra.png\"><img loading=\"lazy\" decoding=\"async\" class=\"aligncenter size-full wp-image-1361\" src=\"https:\/\/sambozuk.pl\/wp-content\/uploads\/2014\/12\/listek_kontra.png\" alt=\"listek_kontra\" width=\"160\" height=\"78\" \/><\/a><\/p>\n<div class=\"fusion-clearfix\"><\/div><\/div><\/div><\/div><\/div><div class=\"fusion-one-half fusion-layout-column fusion-column-last fusion-spacing-no\" style=\"margin-top:0px;margin-bottom:0px;\"><div class=\"fusion-column-wrapper\" style=\"background:url(https:\/\/sambozuk.pl\/wp-content\/uploads\/2014\/12\/DSC_2016.jpg) center top no-repeat ;-webkit-background-size:cover;-moz-background-size:cover;-o-background-size:cover;background-size:cover;padding:150px;\" data-bg-url=\"https:\/\/sambozuk.pl\/wp-content\/uploads\/2014\/12\/DSC_2016.jpg\"><div class=\"fusion-sep-clear\"><\/div><div class=\"fusion-separator fusion-full-width-sep sep-none\" style=\"border-color:rgba(255,255,255,.2);margin-left: auto;margin-right: auto;margin-top:225px;margin-bottom:225px;\"><\/div><div class=\"fusion-clearfix\"><\/div><\/div><\/div><div class=\"fusion-clearfix\"><\/div><\/div><\/div><\/div><div id=\"honorarium\"><div class=\"fusion-fullwidth fullwidth-box fusion-fullwidth-3  fusion-parallax-fixed nonhundred-percent-fullwidth faded-background fusion-equal-height-columns\" style=\"border-color:rgba(76,169,180,.8);border-bottom-width: 0px;border-top-width: 0px;border-bottom-style: solid;border-top-style: solid;padding-bottom:180px;padding-top:180px;padding-left:0px;padding-right:0px;background-color:#ffffff;\"><style type=\"text\/css\" scoped=\"scoped\">.fusion-fullwidth-3 {\n                            padding-left: 0px !important;\n                            padding-right: 0px !important;\n                        }<\/style><div class=\"fullwidth-faded\" style=\"background-color:#ffffff;\"><\/div><div class=\"fusion-row\"><h2 style=\"color: #43633b; text-align: center;\">HONORARIUM<\/h2>\n<p style=\"text-align: center; color: #43633b;\">&#8211;<\/p>\n<div class=\"fusion-sep-clear\"><\/div><div class=\"fusion-separator fusion-full-width-sep sep-none\" style=\"border-color:rgba(255,255,255,.2);margin-left: auto;margin-right: auto;margin-top:20px;margin-bottom:20px;\"><\/div><div class=\"fusion-one-half fusion-layout-column fusion-spacing-yes\" style=\"margin-top:0px;margin-bottom:20px;\"><div class=\"fusion-column-wrapper\"><p style=\"letter-spacing: 4px; color: #43633b; text-align: center;\">KLIENCI\u00a0BIZNESOWI<br \/>\u2013<\/p>\n<p style=\"color: #43633b;\">Klienci biznesowi \u2013 Kancelaria przy obs\u0142udze przedsi\u0119biorc\u00f3w i sp\u00f3\u0142ek prawa handlowego stosuje trzy mo\u017cliwo\u015bci rozlicze\u0144:<\/p>\n<ul>\n<li style=\"color: #43633b;\">rozliczenie za prowadzenie danej sprawy \u2013 na pocz\u0105tku wsp\u00f3\u0142pracy ustalany jest ca\u0142o\u015bciowy koszt prowadzenia sprawy;<\/li>\n<li style=\"color: #43633b;\">rozliczenie godzinowe \u2013 na pocz\u0105tku wsp\u00f3\u0142pracy ustalana jest stawka wynagrodzenia Kancelarii za jedn\u0105 godzin\u0119 a wynagrodzenie jest p\u0142atne miesi\u0119cznie na podstawie faktury VAT i zestawienia godzinowego wykonanych przez Kancelari\u0119 prac;<\/li>\n<li style=\"color: #43633b;\">rozliczenie rycza\u0142towe \u2013 Klient na pocz\u0105tku wsp\u00f3\u0142pracy okre\u015bla w przybli\u017cony spos\u00f3b zakres potrzebnej pomocy prawnej \u015bwiadczonej miesi\u0119cznie przez Kancelari\u0119 i po ustaleniu wynagrodzenia jest ono regulowane przez Klienta na podstawie faktury VAT wystawianej przez Kancelari\u0119 w ka\u017cdym miesi\u0105cu wsp\u00f3\u0142pracy.<\/li>\n<\/ul>\n<div class=\"fusion-clearfix\"><\/div><\/div><\/div><div class=\"fusion-one-half fusion-layout-column fusion-column-last fusion-spacing-yes\" style=\"margin-top:0px;margin-bottom:20px;\"><div class=\"fusion-column-wrapper\"><p style=\"letter-spacing: 4px; color: #43633b; text-align: center;\">KLIENCI INDYWIDUALNI<br \/>\u2013<\/p>\n<p style=\"color: #43633b;\">Koszt prowadzenia sprawy zale\u017cny jest od jest warto\u015bci, stopnia skomplikowania, niezb\u0119dnych do wykonania czynno\u015bci, rodzaju \u015bwiadczonej pomocy prawnej oraz nak\u0142adu niezb\u0119dnej pracy adwokata.<br \/>W przypadku zlecenia sprawy do prowadzenia przez Kancelari\u0119 porada prawna jest bezp\u0142atna.<\/p>\n<div class=\"fusion-clearfix\"><\/div><\/div><\/div><div class=\"fusion-clearfix\"><\/div><div class=\"fusion-sep-clear\"><\/div><div class=\"fusion-separator fusion-full-width-sep sep-none\" style=\"border-color:rgba(255,255,255,.2);margin-left: auto;margin-right: auto;margin-top:40px;margin-bottom:40px;\"><\/div><p style=\"text-align: center; color: #43633b;\"><em>Kancelaria, w zale\u017cno\u015bci od potrzeb Klienta, mo\u017ce wypracowa\u0107 wsp\u00f3lnie z nim inny model wynagradzania.<\/em><\/p>\n<p style=\"text-align: center; color: #43633b;\"><a href=\"https:\/\/sambozuk.pl\/wp-content\/uploads\/2014\/12\/listek1.png\"><img loading=\"lazy\" decoding=\"async\" class=\"aligncenter size-full wp-image-1314\" src=\"https:\/\/sambozuk.pl\/wp-content\/uploads\/2014\/12\/listek1.png\" alt=\"listek\" width=\"160\" height=\"78\" \/><\/a><\/p>\n<\/div><\/div><\/div><div id=\"kontakt\"><div class=\"fusion-fullwidth fullwidth-box fusion-fullwidth-4  fusion-parallax-none nonhundred-percent-fullwidth fusion-equal-height-columns\" style=\"border-color:#eae9e9;border-bottom-width: 0px;border-top-width: 0px;border-bottom-style: solid;border-top-style: solid;padding-bottom:180px;padding-top:180px;padding-left:0px;padding-right:0px;background-color:#43633b;\"><style type=\"text\/css\" scoped=\"scoped\">.fusion-fullwidth-4 {\n                            padding-left: 0px !important;\n                            padding-right: 0px !important;\n                        }<\/style><div class=\"fusion-row\"><h2 style=\"color: #ffffff; text-align: center;\">KONTAKT I DOJAZD<\/h2>\n<p style=\"text-align: center; color: #ffffff;\">&#8211;<\/p>\n<div class=\"fusion-sep-clear\"><\/div><div class=\"fusion-separator fusion-full-width-sep sep-none\" style=\"border-color:rgba(255,255,255,.2);margin-left: auto;margin-right: auto;margin-top:20px;margin-bottom:20px;\"><\/div><div class=\"fusion-one-half fusion-layout-column fusion-spacing-yes\" style=\"margin-top:0px;margin-bottom:20px;\"><div class=\"fusion-column-wrapper\"><p style=\"letter-spacing: 4px; color: #ffffff; text-align: center;\">DANE KONTAKTOWE<br \/>\u2013<\/p>\n<p style=\"color: #ffffff;\">Kancelaria Adwokacka Adwokat Micha\u0142 Sambo\u017cuk<\/p>\n<p style=\"color: #ffffff;\">Tel. 600\u00a0261\u00a0009, tel.\/fax 58 521 92 50<br \/>ul. Karola Szymanowskiego 2, lok 2.08,\u00a0I pi\u0119tro, Centrum Biurowe VIGO,<br \/>80-280 Gda\u0144sk<\/p>\n<p style=\"color: #ffffff;\">NIP: 9570920593, REGON: 361838893<br \/>Konto Bankowe: mBank 53 1140 2004 0000 3302 7573 0783<\/p>\n<p style=\"color: #ffffff; text-align: center;\"><a href=\"https:\/\/sambozuk.pl\/wp-content\/uploads\/2014\/12\/listek_kontra.png\"><img loading=\"lazy\" decoding=\"async\" class=\"aligncenter size-full wp-image-1361\" src=\"https:\/\/sambozuk.pl\/wp-content\/uploads\/2014\/12\/listek_kontra.png\" alt=\"listek_kontra\" width=\"160\" height=\"78\" \/><\/a><\/p>\n<div class=\"fusion-clearfix\"><\/div><\/div><\/div><div class=\"fusion-one-half fusion-layout-column fusion-column-last fusion-spacing-yes\" style=\"margin-top:0px;margin-bottom:20px;\"><div class=\"fusion-column-wrapper\"><p style=\"letter-spacing: 4px; color: #ffffff; text-align: center;\">FORMULARZ KONTAKTOWY<br \/>\u2013<\/p>\n\n<div class=\"wpcf7 no-js\" id=\"wpcf7-f1336-o1\" lang=\"pl-PL\" dir=\"ltr\" data-wpcf7-id=\"1336\">\n<div class=\"screen-reader-response\"><p role=\"status\" aria-live=\"polite\" aria-atomic=\"true\"><\/p> <ul><\/ul><\/div>\n<form action=\"\/index.php?rest_route=%2Fwp%2Fv2%2Fpages%2F4#wpcf7-f1336-o1\" method=\"post\" class=\"wpcf7-form init\" aria-label=\"Formularz kontaktowy\" novalidate=\"novalidate\" data-status=\"init\">\n<div style=\"display: none;\">\n<input type=\"hidden\" name=\"_wpcf7\" value=\"1336\" \/>\n<input type=\"hidden\" name=\"_wpcf7_version\" value=\"6.0.4\" \/>\n<input type=\"hidden\" name=\"_wpcf7_locale\" value=\"pl_PL\" \/>\n<input type=\"hidden\" name=\"_wpcf7_unit_tag\" value=\"wpcf7-f1336-o1\" \/>\n<input type=\"hidden\" name=\"_wpcf7_container_post\" value=\"0\" \/>\n<input type=\"hidden\" name=\"_wpcf7_posted_data_hash\" value=\"\" \/>\n<\/div>\n<p>Imi\u0119 i nazwisko (wymagane)\n<\/p>\n<p><span class=\"wpcf7-form-control-wrap\" data-name=\"your-name\"><input size=\"40\" maxlength=\"400\" class=\"wpcf7-form-control wpcf7-text wpcf7-validates-as-required\" aria-required=\"true\" aria-invalid=\"false\" value=\"\" type=\"text\" name=\"your-name\" \/><\/span>\n<\/p>\n<p>Adres email (wymagane)\n<\/p>\n<p><span class=\"wpcf7-form-control-wrap\" data-name=\"your-email\"><input size=\"40\" maxlength=\"400\" class=\"wpcf7-form-control wpcf7-email wpcf7-validates-as-required wpcf7-text wpcf7-validates-as-email\" aria-required=\"true\" aria-invalid=\"false\" value=\"\" type=\"email\" name=\"your-email\" \/><\/span>\n<\/p>\n<p>Temat\n<\/p>\n<p><span class=\"wpcf7-form-control-wrap\" data-name=\"your-subject\"><input size=\"40\" maxlength=\"400\" class=\"wpcf7-form-control wpcf7-text\" aria-invalid=\"false\" value=\"\" type=\"text\" name=\"your-subject\" \/><\/span>\n<\/p>\n<p>Tre\u015b\u0107 wiadomo\u015bci\n<\/p>\n<p><span class=\"wpcf7-form-control-wrap\" data-name=\"your-message\"><textarea cols=\"40\" rows=\"10\" maxlength=\"2000\" class=\"wpcf7-form-control wpcf7-textarea\" aria-invalid=\"false\" name=\"your-message\"><\/textarea><\/span>\n<\/p>\n<p><input class=\"wpcf7-form-control wpcf7-submit has-spinner\" type=\"submit\" value=\"Wy\u015blij\" \/>\n<\/p><div class=\"wpcf7-response-output\" aria-hidden=\"true\"><\/div>\n<\/form>\n<\/div>\n\n<div class=\"fusion-clearfix\"><\/div><\/div><\/div><div class=\"fusion-clearfix\"><\/div><\/div><\/div><\/div><div id=\"Kontakt\"><div class=\"fusion-fullwidth fullwidth-box fusion-fullwidth-5  fusion-parallax-none hundred-percent-fullwidth fusion-equal-height-columns\" style=\"border-color:#eae9e9;border-bottom-width: 0px;border-top-width: 0px;border-bottom-style: solid;border-top-style: solid;padding-bottom:0px;padding-top:0px;padding-left:0px;padding-right:0px;background-color:#43633b;\"><style type=\"text\/css\" scoped=\"scoped\">.fusion-fullwidth-5 {\n                            padding-left: 0px !important;\n                            padding-right: 0px !important;\n                        }<\/style><div class=\"fusion-row\"><\/div><\/div><\/div>\n\n\n<iframe src=\"https:\/\/www.google.com\/maps\/embed?pb=!1m18!1m12!1m3!1d2323.3662403620674!2d18.58977947665129!3d54.38584579644065!2m3!1f0!2f0!3f0!3m2!1i1024!2i768!4f13.1!3m3!1m2!1s0x46fd738372865e07%3A0x45651b3bd6f1e76c!2sKancelaria%20Adwokacka%20Adwokat%20Micha%C5%82%20Sambo%C5%BCuk!5e0!3m2!1sen!2spl!4v1740654619430!5m2!1sen!2spl\" width=\"600\" height=\"450\" style=\"border:0;\" allowfullscreen=\"\" loading=\"lazy\" referrerpolicy=\"no-referrer-when-downgrade\"><\/iframe>\n\n\n\n\n\n<p>tml<\/p>\n","protected":false},"excerpt":{"rendered":"<p>tml<\/p>\n","protected":false},"author":1,"featured_media":0,"parent":0,"menu_order":0,"comment_status":"open","ping_status":"closed","template":"100-width.php","meta":{"footnotes":""},"class_list":["post-4","page","type-page","status-publish","hentry"],"_links":{"self":[{"href":"https:\/\/sambozuk.pl\/index.php?rest_route=\/wp\/v2\/pages\/4","targetHints":{"allow":["GET"]}}],"collection":[{"href":"https:\/\/sambozuk.pl\/index.php?rest_route=\/wp\/v2\/pages"}],"about":[{"href":"https:\/\/sambozuk.pl\/index.php?rest_route=\/wp\/v2\/types\/page"}],"author":[{"embeddable":true,"href":"https:\/\/sambozuk.pl\/index.php?rest_route=\/wp\/v2\/users\/1"}],"replies":[{"embeddable":true,"href":"https:\/\/sambozuk.pl\/index.php?rest_route=%2Fwp%2Fv2%2Fcomments&post=4"}],"version-history":[{"count":55,"href":"https:\/\/sambozuk.pl\/index.php?rest_route=\/wp\/v2\/pages\/4\/revisions"}],"predecessor-version":[{"id":1383,"href":"https:\/\/sambozuk.pl\/index.php?rest_route=\/wp\/v2\/pages\/4\/revisions\/1383"}],"wp:attachment":[{"href":"https:\/\/sambozuk.pl\/index.php?rest_route=%2Fwp%2Fv2%2Fmedia&parent=4"}],"curies":[{"name":"wp","href":"https:\/\/api.w.org\/{rel}","templated":true}]}}